{"id":4485,"date":"2026-01-26T13:48:23","date_gmt":"2026-01-26T12:48:23","guid":{"rendered":"https:\/\/thesourcemarrakech.com\/?page_id=4485"},"modified":"2026-01-29T00:23:47","modified_gmt":"2026-01-28T23:23:47","slug":"weddings","status":"publish","type":"page","link":"https:\/\/thesourcemarrakech.com\/fr\/weddings\/","title":{"rendered":""},"content":{"rendered":"<div data-elementor-type=\"wp-page\" data-elementor-id=\"4485\" class=\"elementor elementor-4485\" data-elementor-post-type=\"page\">\n\t\t\t\t<div class=\"elementor-element elementor-element-4ea198b e-flex e-con-boxed e-con e-parent\" data-id=\"4ea198b\" data-element_type=\"container\">\n\t\t\t\t\t<div class=\"e-con-inner\">\n\t\t\t\t<div class=\"elementor-element elementor-element-023da55 elementor-widget elementor-widget-heading\" data-id=\"023da55\" data-element_type=\"widget\" data-widget_type=\"heading.default\">\n\t\t\t\t<div class=\"elementor-widget-container\">\n\t\t\t\t\t<h2 class=\"elementor-heading-title elementor-size-default\"><br>VOTRE MARIAGE \u00c0 THE SOURCE<br><br><\/h2>\t\t\t\t<\/div>\n\t\t\t\t<\/div>\n\t\t\t\t\t<\/div>\n\t\t\t\t<\/div>\n\t\t<div class=\"elementor-element elementor-element-ae82ceb e-flex e-con-boxed e-con e-parent\" data-id=\"ae82ceb\" data-element_type=\"container\">\n\t\t\t\t\t<div class=\"e-con-inner\">\n\t\t\t\t<div class=\"elementor-element elementor-element-c8166f5 elementor-widget elementor-widget-image\" data-id=\"c8166f5\" data-element_type=\"widget\" data-widget_type=\"image.default\">\n\t\t\t\t<div class=\"elementor-widget-container\">\n\t\t\t\t\t\t\t\t\t\t\t\t\t\t\t<img fetchpriority=\"high\" decoding=\"async\" width=\"2048\" height=\"1365\" src=\"https:\/\/thesourcemarrakech.com\/wp-content\/uploads\/2026\/01\/Copie-de-DSC02670-1-2048x1365.jpg\" class=\"attachment-2048x2048 size-2048x2048 wp-image-4490\" alt=\"\" srcset=\"https:\/\/thesourcemarrakech.com\/wp-content\/uploads\/2026\/01\/Copie-de-DSC02670-1-2048x1365.jpg 2048w, https:\/\/thesourcemarrakech.com\/wp-content\/uploads\/2026\/01\/Copie-de-DSC02670-1-300x200.jpg 300w, https:\/\/thesourcemarrakech.com\/wp-content\/uploads\/2026\/01\/Copie-de-DSC02670-1-1024x683.jpg 1024w, https:\/\/thesourcemarrakech.com\/wp-content\/uploads\/2026\/01\/Copie-de-DSC02670-1-768x512.jpg 768w, https:\/\/thesourcemarrakech.com\/wp-content\/uploads\/2026\/01\/Copie-de-DSC02670-1-1536x1024.jpg 1536w, https:\/\/thesourcemarrakech.com\/wp-content\/uploads\/2026\/01\/Copie-de-DSC02670-1-18x12.jpg 18w\" sizes=\"(max-width: 2048px) 100vw, 2048px\" \/>\t\t\t\t\t\t\t\t\t\t\t\t\t\t\t<\/div>\n\t\t\t\t<\/div>\n\t\t\t\t\t<\/div>\n\t\t\t\t<\/div>\n\t\t<div class=\"elementor-element elementor-element-fe04aa8 e-flex e-con-boxed e-con e-parent\" data-id=\"fe04aa8\" data-element_type=\"container\">\n\t\t\t\t\t<div class=\"e-con-inner\">\n\t\t\t\t<div class=\"elementor-element elementor-element-6481e09 elementor-widget elementor-widget-heading\" data-id=\"6481e09\" data-element_type=\"widget\" data-widget_type=\"heading.default\">\n\t\t\t\t<div class=\"elementor-widget-container\">\n\t\t\t\t\t<h2 class=\"elementor-heading-title elementor-size-default\">Emotion I Rires I Amour<br><\/h2>\t\t\t\t<\/div>\n\t\t\t\t<\/div>\n\t\t\t\t<div class=\"elementor-element elementor-element-69fe7a3 elementor-widget elementor-widget-text-editor\" data-id=\"69fe7a3\" data-element_type=\"widget\" data-widget_type=\"text-editor.default\">\n\t\t\t\t<div class=\"elementor-widget-container\">\n\t\t\t\t\t\t\t\t\t<p>Bien au-del\u00e0 d'un simple \u00e9v\u00e9nement, votre mariage est une symphonie. A The Source\nMarrakech, nous orchestrons chaque d\u00e9tail avec une pr\u00e9cision et une discr\u00e9tion dignes des\nplus grands h\u00f4tels de luxe. Loin des regards, au c\u0153ur d'un domaine qui respire l'art et la\nmusique, nous vous offrons l'intimit\u00e9 et la surprise pour \u00e9crire votre histoire. De l\u2019intimit\u00e9 de nos\nVillas priv\u00e9es au charme de nos jardins, nous transformons votre union en une destination\ninoubliable pour vous et vos invit\u00e9s internationaux<\/p><p>\u00a0<\/p>\t\t\t\t\t\t\t\t<\/div>\n\t\t\t\t<\/div>\n\t\t\t\t\t<\/div>\n\t\t\t\t<\/div>\n\t\t<div class=\"elementor-element elementor-element-4058679 e-grid e-con-boxed e-con e-parent\" data-id=\"4058679\" data-element_type=\"container\">\n\t\t\t\t\t<div class=\"e-con-inner\">\n\t\t\t\t<div class=\"elementor-element elementor-element-3402013 elementor-widget elementor-widget-image\" data-id=\"3402013\" data-element_type=\"widget\" data-widget_type=\"image.default\">\n\t\t\t\t<div class=\"elementor-widget-container\">\n\t\t\t\t\t\t\t\t\t\t\t\t\t\t\t<img decoding=\"async\" width=\"1536\" height=\"1024\" src=\"https:\/\/thesourcemarrakech.com\/wp-content\/uploads\/2026\/01\/DSC02678-1-1536x1024.jpg\" class=\"attachment-1536x1536 size-1536x1536 wp-image-4521\" alt=\"\" srcset=\"https:\/\/thesourcemarrakech.com\/wp-content\/uploads\/2026\/01\/DSC02678-1-1536x1024.jpg 1536w, https:\/\/thesourcemarrakech.com\/wp-content\/uploads\/2026\/01\/DSC02678-1-300x200.jpg 300w, https:\/\/thesourcemarrakech.com\/wp-content\/uploads\/2026\/01\/DSC02678-1-1024x683.jpg 1024w, https:\/\/thesourcemarrakech.com\/wp-content\/uploads\/2026\/01\/DSC02678-1-768x512.jpg 768w, https:\/\/thesourcemarrakech.com\/wp-content\/uploads\/2026\/01\/DSC02678-1-2048x1365.jpg 2048w, https:\/\/thesourcemarrakech.com\/wp-content\/uploads\/2026\/01\/DSC02678-1-18x12.jpg 18w\" sizes=\"(max-width: 1536px) 100vw, 1536px\" \/>\t\t\t\t\t\t\t\t\t\t\t\t\t\t\t<\/div>\n\t\t\t\t<\/div>\n\t\t\t\t<div class=\"elementor-element elementor-element-2dd84a6 elementor-widget elementor-widget-image\" data-id=\"2dd84a6\" data-element_type=\"widget\" data-widget_type=\"image.default\">\n\t\t\t\t<div class=\"elementor-widget-container\">\n\t\t\t\t\t\t\t\t\t\t\t\t\t\t\t<img decoding=\"async\" width=\"768\" height=\"512\" src=\"https:\/\/thesourcemarrakech.com\/wp-content\/uploads\/2026\/01\/DSC02694-768x512.jpg\" class=\"attachment-medium_large size-medium_large wp-image-4522\" alt=\"\" srcset=\"https:\/\/thesourcemarrakech.com\/wp-content\/uploads\/2026\/01\/DSC02694-768x512.jpg 768w, https:\/\/thesourcemarrakech.com\/wp-content\/uploads\/2026\/01\/DSC02694-300x200.jpg 300w, https:\/\/thesourcemarrakech.com\/wp-content\/uploads\/2026\/01\/DSC02694-1024x683.jpg 1024w, https:\/\/thesourcemarrakech.com\/wp-content\/uploads\/2026\/01\/DSC02694-1536x1024.jpg 1536w, https:\/\/thesourcemarrakech.com\/wp-content\/uploads\/2026\/01\/DSC02694-2048x1365.jpg 2048w, https:\/\/thesourcemarrakech.com\/wp-content\/uploads\/2026\/01\/DSC02694-18x12.jpg 18w\" sizes=\"(max-width: 768px) 100vw, 768px\" \/>\t\t\t\t\t\t\t\t\t\t\t\t\t\t\t<\/div>\n\t\t\t\t<\/div>\n\t\t\t\t<div class=\"elementor-element elementor-element-2705b23 elementor-widget elementor-widget-image\" data-id=\"2705b23\" data-element_type=\"widget\" data-widget_type=\"image.default\">\n\t\t\t\t<div class=\"elementor-widget-container\">\n\t\t\t\t\t\t\t\t\t\t\t\t\t\t\t<img loading=\"lazy\" decoding=\"async\" width=\"768\" height=\"512\" src=\"https:\/\/thesourcemarrakech.com\/wp-content\/uploads\/2026\/01\/Copie-de-DSC04345-1-768x512.jpg\" class=\"attachment-medium_large size-medium_large wp-image-4524\" alt=\"\" srcset=\"https:\/\/thesourcemarrakech.com\/wp-content\/uploads\/2026\/01\/Copie-de-DSC04345-1-768x512.jpg 768w, https:\/\/thesourcemarrakech.com\/wp-content\/uploads\/2026\/01\/Copie-de-DSC04345-1-300x200.jpg 300w, https:\/\/thesourcemarrakech.com\/wp-content\/uploads\/2026\/01\/Copie-de-DSC04345-1-1024x683.jpg 1024w, https:\/\/thesourcemarrakech.com\/wp-content\/uploads\/2026\/01\/Copie-de-DSC04345-1-1536x1024.jpg 1536w, https:\/\/thesourcemarrakech.com\/wp-content\/uploads\/2026\/01\/Copie-de-DSC04345-1-2048x1365.jpg 2048w, https:\/\/thesourcemarrakech.com\/wp-content\/uploads\/2026\/01\/Copie-de-DSC04345-1-18x12.jpg 18w\" sizes=\"(max-width: 768px) 100vw, 768px\" \/>\t\t\t\t\t\t\t\t\t\t\t\t\t\t\t<\/div>\n\t\t\t\t<\/div>\n\t\t\t\t\t<\/div>\n\t\t\t\t<\/div>\n\t\t<div class=\"elementor-element elementor-element-bfb8fe7 e-flex e-con-boxed e-con e-parent\" data-id=\"bfb8fe7\" data-element_type=\"container\">\n\t\t\t\t\t<div class=\"e-con-inner\">\n\t\t\t\t<div class=\"elementor-element elementor-element-0e4062a elementor-widget elementor-widget-heading\" data-id=\"0e4062a\" data-element_type=\"widget\" data-widget_type=\"heading.default\">\n\t\t\t\t<div class=\"elementor-widget-container\">\n\t\t\t\t\t<h2 class=\"elementor-heading-title elementor-size-default\"><br>MARIAGES &amp; LUNES DE MIEL A THE SOURCE MARRAKECH<br><\/h2>\t\t\t\t<\/div>\n\t\t\t\t<\/div>\n\t\t\t\t<div class=\"elementor-element elementor-element-2d4329b elementor-widget elementor-widget-heading\" data-id=\"2d4329b\" data-element_type=\"widget\" data-widget_type=\"heading.default\">\n\t\t\t\t<div class=\"elementor-widget-container\">\n\t\t\t\t\t<h2 class=\"elementor-heading-title elementor-size-default\">Mariages De R\u00eave \u00c0 Marrakech<\/h2>\t\t\t\t<\/div>\n\t\t\t\t<\/div>\n\t\t\t\t<div class=\"elementor-element elementor-element-77d6d03 elementor-widget elementor-widget-text-editor\" data-id=\"77d6d03\" data-element_type=\"widget\" data-widget_type=\"text-editor.default\">\n\t\t\t\t<div class=\"elementor-widget-container\">\n\t\t\t\t\t\t\t\t\t<p>Depuis plusieurs ann\u00e9es, The Source Marrakech est reconnu comme une destination privil\u00e9gi\u00e9e pour\nl\u2019organisation de mariages et l\u2019accueil de lunes de miel. Nich\u00e9 au c\u0153ur de Marrakech, notre domaine\nallie luxe, authenticit\u00e9 et hospitalit\u00e9 marocaine pour cr\u00e9er des c\u00e9l\u00e9brations inoubliables.<\/p>\n<ul>\n<li><strong>Expertise \u00e9prouv\u00e9e<\/strong>: Et\u00e9 comme Hiver, nous avons accompagn\u00e9 de nombreux couples dans la\nr\u00e9alisation de leur mariage de r\u00eave.<\/li>\n<li><strong style=\"background-color: transparent;\">\u00c9quipe d\u00e9di\u00e9e:<\/strong><span style=\"background-color: transparent;\"> Notre personnel exp\u00e9riment\u00e9 est \u00e0 votre disposition pour orchestrer chaque\nd\u00e9tail avec soin.<\/span><\/li>\n<li><strong>Cadre unique:<\/strong> 28 chambres et suites, spa de 450m2, salon de cin\u00e9ma priv\u00e9, 2 hectares de\nJardins luxuriants, architecture \u00e9l\u00e9gante, rooftop, terrasses, pergolas et atmosph\u00e8re boh\u00e8me\nchic.<\/li>\n<li><strong>&nbsp;Services personnalis\u00e9s:<\/strong> De la c\u00e9r\u00e9monie intime au grand banquet, nous adaptons chaque\n\u00e9v\u00e9nement \u00e0 vos souhaits.<\/li>\n<\/ul>\n<div>&nbsp;<\/div>\n<div>&nbsp;<\/div>\t\t\t\t\t\t\t\t<\/div>\n\t\t\t\t<\/div>\n\t\t\t\t\t<\/div>\n\t\t\t\t<\/div>\n\t\t<div class=\"elementor-element elementor-element-a585e61 e-flex e-con-boxed e-con e-parent\" data-id=\"a585e61\" data-element_type=\"container\">\n\t\t\t\t\t<div class=\"e-con-inner\">\n\t\t\t\t<div class=\"elementor-element elementor-element-224814c elementor-widget elementor-widget-heading\" data-id=\"224814c\" data-element_type=\"widget\" data-widget_type=\"heading.default\">\n\t\t\t\t<div class=\"elementor-widget-container\">\n\t\t\t\t\t<h2 class=\"elementor-heading-title elementor-size-default\"><br>Que vous r\u00eaviez d\u2019un mariage rock, holistique ou romantique sous les \u00e9toiles de Marrakech ou d\u2019une lune de miel empreinte de joie et de s\u00e9r\u00e9nit\u00e9, nous vous offrons une exp\u00e9rience sur mesure, optimis\u00e9e pour refl\u00e9ter votre histoire.<br><br><\/h2>\t\t\t\t<\/div>\n\t\t\t\t<\/div>\n\t\t\t\t\t<\/div>\n\t\t\t\t<\/div>\n\t\t<div class=\"elementor-element elementor-element-3f03853 e-grid e-con-boxed e-con e-parent\" data-id=\"3f03853\" data-element_type=\"container\">\n\t\t\t\t\t<div class=\"e-con-inner\">\n\t\t\t\t<div class=\"elementor-element elementor-element-7fdf870 elementor-widget elementor-widget-image\" data-id=\"7fdf870\" data-element_type=\"widget\" data-widget_type=\"image.default\">\n\t\t\t\t<div class=\"elementor-widget-container\">\n\t\t\t\t\t\t\t\t\t\t\t\t\t\t\t<img loading=\"lazy\" decoding=\"async\" width=\"800\" height=\"534\" src=\"https:\/\/thesourcemarrakech.com\/wp-content\/uploads\/2026\/01\/Copie-de-DSC04616-2-1024x683.jpg\" class=\"attachment-large size-large wp-image-4525\" alt=\"\" srcset=\"https:\/\/thesourcemarrakech.com\/wp-content\/uploads\/2026\/01\/Copie-de-DSC04616-2-1024x683.jpg 1024w, https:\/\/thesourcemarrakech.com\/wp-content\/uploads\/2026\/01\/Copie-de-DSC04616-2-300x200.jpg 300w, https:\/\/thesourcemarrakech.com\/wp-content\/uploads\/2026\/01\/Copie-de-DSC04616-2-768x512.jpg 768w, https:\/\/thesourcemarrakech.com\/wp-content\/uploads\/2026\/01\/Copie-de-DSC04616-2-1536x1024.jpg 1536w, https:\/\/thesourcemarrakech.com\/wp-content\/uploads\/2026\/01\/Copie-de-DSC04616-2-2048x1365.jpg 2048w, https:\/\/thesourcemarrakech.com\/wp-content\/uploads\/2026\/01\/Copie-de-DSC04616-2-18x12.jpg 18w\" sizes=\"(max-width: 800px) 100vw, 800px\" \/>\t\t\t\t\t\t\t\t\t\t\t\t\t\t\t<\/div>\n\t\t\t\t<\/div>\n\t\t\t\t<div class=\"elementor-element elementor-element-bb83621 elementor-widget elementor-widget-image\" data-id=\"bb83621\" data-element_type=\"widget\" data-widget_type=\"image.default\">\n\t\t\t\t<div class=\"elementor-widget-container\">\n\t\t\t\t\t\t\t\t\t\t\t\t\t\t\t<img loading=\"lazy\" decoding=\"async\" width=\"800\" height=\"534\" src=\"https:\/\/thesourcemarrakech.com\/wp-content\/uploads\/2026\/01\/Copie-de-DSC04478-1024x683.jpg\" class=\"attachment-large size-large wp-image-4527\" alt=\"\" srcset=\"https:\/\/thesourcemarrakech.com\/wp-content\/uploads\/2026\/01\/Copie-de-DSC04478-1024x683.jpg 1024w, https:\/\/thesourcemarrakech.com\/wp-content\/uploads\/2026\/01\/Copie-de-DSC04478-300x200.jpg 300w, https:\/\/thesourcemarrakech.com\/wp-content\/uploads\/2026\/01\/Copie-de-DSC04478-768x512.jpg 768w, https:\/\/thesourcemarrakech.com\/wp-content\/uploads\/2026\/01\/Copie-de-DSC04478-1536x1024.jpg 1536w, https:\/\/thesourcemarrakech.com\/wp-content\/uploads\/2026\/01\/Copie-de-DSC04478-2048x1365.jpg 2048w, https:\/\/thesourcemarrakech.com\/wp-content\/uploads\/2026\/01\/Copie-de-DSC04478-18x12.jpg 18w\" sizes=\"(max-width: 800px) 100vw, 800px\" \/>\t\t\t\t\t\t\t\t\t\t\t\t\t\t\t<\/div>\n\t\t\t\t<\/div>\n\t\t\t\t<div class=\"elementor-element elementor-element-39ff857 elementor-widget elementor-widget-image\" data-id=\"39ff857\" data-element_type=\"widget\" data-widget_type=\"image.default\">\n\t\t\t\t<div class=\"elementor-widget-container\">\n\t\t\t\t\t\t\t\t\t\t\t\t\t\t\t<img loading=\"lazy\" decoding=\"async\" width=\"800\" height=\"534\" src=\"https:\/\/thesourcemarrakech.com\/wp-content\/uploads\/2026\/01\/Copie-de-DSC02927-1024x683.jpg\" class=\"attachment-large size-large wp-image-4526\" alt=\"\" srcset=\"https:\/\/thesourcemarrakech.com\/wp-content\/uploads\/2026\/01\/Copie-de-DSC02927-1024x683.jpg 1024w, https:\/\/thesourcemarrakech.com\/wp-content\/uploads\/2026\/01\/Copie-de-DSC02927-300x200.jpg 300w, https:\/\/thesourcemarrakech.com\/wp-content\/uploads\/2026\/01\/Copie-de-DSC02927-768x512.jpg 768w, https:\/\/thesourcemarrakech.com\/wp-content\/uploads\/2026\/01\/Copie-de-DSC02927-1536x1024.jpg 1536w, https:\/\/thesourcemarrakech.com\/wp-content\/uploads\/2026\/01\/Copie-de-DSC02927-2048x1365.jpg 2048w, https:\/\/thesourcemarrakech.com\/wp-content\/uploads\/2026\/01\/Copie-de-DSC02927-18x12.jpg 18w\" sizes=\"(max-width: 800px) 100vw, 800px\" \/>\t\t\t\t\t\t\t\t\t\t\t\t\t\t\t<\/div>\n\t\t\t\t<\/div>\n\t\t\t\t\t<\/div>\n\t\t\t\t<\/div>\n\t\t<div class=\"elementor-element elementor-element-deed310 e-flex e-con-boxed e-con e-parent\" data-id=\"deed310\" data-element_type=\"container\">\n\t\t\t\t\t<div class=\"e-con-inner\">\n\t\t\t\t<div class=\"elementor-element elementor-element-c5bd183 elementor-align-center elementor-widget elementor-widget-button\" data-id=\"c5bd183\" data-element_type=\"widget\" data-widget_type=\"button.default\">\n\t\t\t\t<div class=\"elementor-widget-container\">\n\t\t\t\t\t\t\t\t\t<div class=\"elementor-button-wrapper\">\n\t\t\t\t\t<a class=\"elementor-button elementor-button-link elementor-size-sm\" href=\"mailto:reservations@thesourcemarrakech.com\">\n\t\t\t\t\t\t<span class=\"elementor-button-content-wrapper\">\n\t\t\t\t\t\t\t\t\t<span class=\"elementor-button-text\">Organisez votre Mariage<\/span>\n\t\t\t\t\t<\/span>\n\t\t\t\t\t<\/a>\n\t\t\t\t<\/div>\n\t\t\t\t\t\t\t\t<\/div>\n\t\t\t\t<\/div>\n\t\t\t\t\t<\/div>\n\t\t\t\t<\/div>\n\t\t\t\t<\/div>","protected":false},"excerpt":{"rendered":"<p>GET MARRIED AT THE SOURCE Emotion I Laughter I Love Far beyond a simple event, your wedding is a true symphony. At The Source Marrakech, we orchestrate every detail with the precision and discretion worthy of the finest luxury hotels. Hidden from\u00a0 view, in the heart of an estate that breathes art and music, we [&hellip;]<\/p>","protected":false},"author":6,"featured_media":0,"parent":0,"menu_order":0,"comment_status":"closed","ping_status":"closed","template":"","meta":{"footnotes":""},"class_list":["post-4485","page","type-page","status-publish","hentry"],"_links":{"self":[{"href":"https:\/\/thesourcemarrakech.com\/fr\/wp-json\/wp\/v2\/pages\/4485","targetHints":{"allow":["GET"]}}],"collection":[{"href":"https:\/\/thesourcemarrakech.com\/fr\/wp-json\/wp\/v2\/pages"}],"about":[{"href":"https:\/\/thesourcemarrakech.com\/fr\/wp-json\/wp\/v2\/types\/page"}],"author":[{"embeddable":true,"href":"https:\/\/thesourcemarrakech.com\/fr\/wp-json\/wp\/v2\/users\/6"}],"replies":[{"embeddable":true,"href":"https:\/\/thesourcemarrakech.com\/fr\/wp-json\/wp\/v2\/comments?post=4485"}],"version-history":[{"count":107,"href":"https:\/\/thesourcemarrakech.com\/fr\/wp-json\/wp\/v2\/pages\/4485\/revisions"}],"predecessor-version":[{"id":4616,"href":"https:\/\/thesourcemarrakech.com\/fr\/wp-json\/wp\/v2\/pages\/4485\/revisions\/4616"}],"wp:attachment":[{"href":"https:\/\/thesourcemarrakech.com\/fr\/wp-json\/wp\/v2\/media?parent=4485"}],"curies":[{"name":"wp","href":"https:\/\/api.w.org\/{rel}","templated":true}]}}