{"id":4248,"date":"2025-02-20T17:31:02","date_gmt":"2025-02-20T16:31:02","guid":{"rendered":"https:\/\/thesourcemarrakech.com\/?page_id=4248"},"modified":"2025-02-20T17:31:02","modified_gmt":"2025-02-20T16:31:02","slug":"conditions-generales-de-vente-the-source-marrakech","status":"publish","type":"page","link":"https:\/\/thesourcemarrakech.com\/fr\/conditions-generales-de-vente-the-source-marrakech\/","title":{"rendered":"CONDITIONS G\u00c9N\u00c9RALES DE VENTE THE SOURCE MARRAKECH"},"content":{"rendered":"<h2 class=\"wp-block-heading\"><strong>PR\u00c9AMBULE<\/strong><\/h2>\n\n\n\n<p>Les pr\u00e9sentes conditions g\u00e9n\u00e9rales de vente (&#8220;CGV&#8221;) s&#8217;appliquent \u00e0 toute r\u00e9servation effectu\u00e9e sur le site internet de l&#8217;H\u00f4tel <strong>The Source Marrakech<\/strong> (\u00ab l\u2019H\u00f4tel \u00bb), sous r\u00e9serve de disponibilit\u00e9 et dans la limite d&#8217;un maximum de 13 chambres.<\/p>\n\n\n\n<p>Le &#8220;Client&#8221; d\u00e9signe toute personne physique ou morale effectuant une r\u00e9servation \u00e0 titre priv\u00e9 ou professionnel.<\/p>\n\n\n\n<p>Le Client reconna\u00eet avoir pris connaissance de toutes les informations n\u00e9cessaires sur la nature, la destination et les modalit\u00e9s de r\u00e9servation des services disponibles sur le site internet de l\u2019H\u00f4tel. Toute r\u00e9servation implique l&#8217;acceptation totale des pr\u00e9sentes CGV.<\/p>\n\n\n\n<p>Les CGV peuvent \u00eatre compl\u00e9t\u00e9es par des conditions particuli\u00e8res figurant sur le descriptif de la prestation ou par les conditions de vente des prestataires partenaires.<\/p>\n\n\n\n<hr class=\"wp-block-separator has-alpha-channel-opacity\"\/>\n\n\n\n<h2 class=\"wp-block-heading\"><strong>I &#8211; IDENTIT\u00c9 DE L&#8217;ENTREPRISE<\/strong><\/h2>\n\n\n\n<p>Soci\u00e9t\u00e9 <strong>MEGA LO<\/strong>, repr\u00e9sentant l\u2019H\u00f4tel <strong>The Source Marrakech<\/strong>, situ\u00e9 Route de L\u2019Ourika, et repr\u00e9sent\u00e9 par son g\u00e9rant <strong>Monsieur Laurent COHEN<\/strong>.<\/p>\n\n\n\n<ul class=\"wp-block-list\">\n<li><strong>RC<\/strong> : 42 873<\/li>\n\n\n\n<li><\/li>\n\n\n\n<li><strong>Adresse<\/strong> : Route de l\u2019Ourika, KM 10, 40000 Marrakech, Royaume du Maroc<\/li>\n\n\n\n<li><strong>T\u00e9l<\/strong> : +212(0) 529 802 107<\/li>\n\n\n\n<li><strong>Email<\/strong> : contact@thesourcemarrakech.com<\/li>\n\n\n\n<li><strong>Capacit\u00e9 de l\u2019h\u00f4tel<\/strong> : 32 chambres et suites<\/li>\n<\/ul>\n\n\n\n<hr class=\"wp-block-separator has-alpha-channel-opacity\"\/>\n\n\n\n<h2 class=\"wp-block-heading\"><strong>II &#8211; CAPACIT\u00c9<\/strong><\/h2>\n\n\n\n<p>Le Client reconna\u00eet avoir la capacit\u00e9 de contracter, c\u2019est-\u00e0-dire avoir la majorit\u00e9 l\u00e9gale et ne pas \u00eatre sous tutelle ou curatelle.<\/p>\n\n\n\n<p>Le Client d\u00e9clare utiliser le site en son nom et pour le compte des b\u00e9n\u00e9ficiaires des prestations r\u00e9serv\u00e9es. Les pr\u00e9sentes CGV leur seront opposables.<\/p>\n\n\n\n<p>L&#8217;H\u00f4tel se r\u00e9serve le droit de refuser toute r\u00e9servation en cas d&#8217;utilisation frauduleuse du site ou de non-respect des CGV.<\/p>\n\n\n\n<hr class=\"wp-block-separator has-alpha-channel-opacity\"\/>\n\n\n\n<h2 class=\"wp-block-heading\"><strong>III &#8211; DROIT DE R\u00c9TRACTATION<\/strong><\/h2>\n\n\n\n<p>Conform\u00e9ment \u00e0 l&#8217;article L 121-21-8 du Code de la consommation, les prestations d&#8217;h\u00e9bergement et de restauration ne sont pas soumises au droit de r\u00e9tractation. Les r\u00e9servations sont donc soumises aux conditions d&#8217;annulation et de modification pr\u00e9vues aux pr\u00e9sentes CGV.<\/p>\n\n\n\n<hr class=\"wp-block-separator has-alpha-channel-opacity\"\/>\n\n\n\n<h2 class=\"wp-block-heading\"><strong>IV &#8211; R\u00c9SERVATIONS EN LIGNE<\/strong><\/h2>\n\n\n\n<p>Le Client doit fournir ses informations personnelles et valider sa r\u00e9servation en effectuant un paiement ou en fournissant ses coordonn\u00e9es bancaires.<\/p>\n\n\n\n<p>La r\u00e9servation n&#8217;est ferme qu&#8217;apr\u00e8s confirmation par l&#8217;H\u00f4tel.<\/p>\n\n\n\n<p>L&#8217;H\u00f4tel se r\u00e9serve le droit d&#8217;annuler toute r\u00e9servation en cas d&#8217;utilisation frauduleuse du site ou pour un usage non pr\u00e9vu des chambres (shooting, tournage, showroom, etc.).<\/p>\n\n\n\n<hr class=\"wp-block-separator has-alpha-channel-opacity\"\/>\n\n\n\n<h2 class=\"wp-block-heading\"><strong>V &#8211; MODALIT\u00c9S DE PAIEMENT<\/strong><\/h2>\n\n\n\n<p>Le r\u00e8glement peut s&#8217;effectuer selon deux modes :<\/p>\n\n\n\n<ul class=\"wp-block-list\">\n<li><strong>Pr\u00e9paiement<\/strong> : paiement int\u00e9gral au moment de la r\u00e9servation.<\/li>\n\n\n\n<li><strong>Plan flexible<\/strong> : paiement \u00e0 l&#8217;arriv\u00e9e avec carte bancaire en garantie.<\/li>\n<\/ul>\n\n\n\n<p>Une pr\u00e9-autorisation peut \u00eatre effectu\u00e9e sur la carte bancaire du Client.<\/p>\n\n\n\n<p>La carte de cr\u00e9dit utilis\u00e9e lors de la r\u00e9servation devra \u00eatre pr\u00e9sent\u00e9e \u00e0 l&#8217;arriv\u00e9e. En cas de prise en charge par un tiers, des documents justificatifs seront exig\u00e9s.<\/p>\n\n\n\n<hr class=\"wp-block-separator has-alpha-channel-opacity\"\/>\n\n\n\n<h2 class=\"wp-block-heading\"><strong>VI &#8211; CONDITIONS DU S\u00c9JOUR<\/strong><\/h2>\n\n\n\n<ul class=\"wp-block-list\">\n<li><strong>Check-in<\/strong> : \u00e0 partir de 14h00.<\/li>\n\n\n\n<li><strong>Check-out<\/strong> : avant 12h00. Tout d\u00e9passement peut entra\u00eener la facturation d&#8217;une nuit suppl\u00e9mentaire.<\/li>\n<\/ul>\n\n\n\n<p>En cas de d\u00e9part anticip\u00e9 ou d&#8217;annulation tardive, 100% du s\u00e9jour peut \u00eatre factur\u00e9.<\/p>\n\n\n\n<p>L&#8217;ensemble de l&#8217;H\u00f4tel est <strong>non-fumeur<\/strong>.<\/p>\n\n\n\n<hr class=\"wp-block-separator has-alpha-channel-opacity\"\/>\n\n\n\n<h2 class=\"wp-block-heading\"><strong>VII &#8211; ANIMAUX<\/strong><\/h2>\n\n\n\n<p>Les animaux sont <strong>accept\u00e9s<\/strong> sous r\u00e9serve de bonne conduite. Tout dommage caus\u00e9 sera factur\u00e9 au Client.<\/p>\n\n\n\n<hr class=\"wp-block-separator has-alpha-channel-opacity\"\/>\n\n\n\n<h2 class=\"wp-block-heading\"><strong>VIII &#8211; FORCE MAJEURE<\/strong><\/h2>\n\n\n\n<p>En cas d&#8217;\u00e9v\u00e9nement impr\u00e9visible et insurmontable, l&#8217;ex\u00e9cution des obligations du contrat pourra \u00eatre suspendue.<\/p>\n\n\n\n<p>Les frais engag\u00e9s par le Client en raison de la force majeure ne pourront donner lieu \u00e0 remboursement.<\/p>\n\n\n\n<hr class=\"wp-block-separator has-alpha-channel-opacity\"\/>\n\n\n\n<h2 class=\"wp-block-heading\"><strong>IX &#8211; RESPONSABILIT\u00c9S<\/strong><\/h2>\n\n\n\n<p>L&#8217;H\u00f4tel d\u00e9cline toute responsabilit\u00e9 en cas de vol, perte ou d\u00e9t\u00e9rioration des effets personnels du Client.<\/p>\n\n\n\n<p>Toute d\u00e9gradation caus\u00e9e par le Client lui sera factur\u00e9e.<\/p>\n\n\n\n<p>L&#8217;H\u00f4tel n&#8217;est tenu que par une obligation de moyens dans l&#8217;ex\u00e9cution de ses prestations.<\/p>\n\n\n\n<hr class=\"wp-block-separator has-alpha-channel-opacity\"\/>\n\n\n\n<h2 class=\"wp-block-heading\"><strong>X &#8211; LOI APPLICABLE ET JURIDICTION COMP\u00c9TENTE<\/strong><\/h2>\n\n\n\n<p>Les pr\u00e9sentes CGV sont r\u00e9gies par la loi marocaine. En cas de litige, seuls les tribunaux marocains seront comp\u00e9tents.<\/p>\n\n\n\n<p><strong>Contact :<\/strong><strong><br><\/strong>The Source Marrakech<br>T\u00e9l\u00e9phone : +212 678 17 51 42<br>Email : contact@thesourcemarrakech.com<\/p>","protected":false},"excerpt":{"rendered":"<p>PR\u00c9AMBULE Les pr\u00e9sentes conditions g\u00e9n\u00e9rales de vente (&#8220;CGV&#8221;) s&#8217;appliquent \u00e0 toute r\u00e9servation effectu\u00e9e sur le site internet de l&#8217;H\u00f4tel The Source Marrakech (\u00ab l\u2019H\u00f4tel \u00bb), sous r\u00e9serve de disponibilit\u00e9 et dans la limite d&#8217;un maximum de 13 chambres. Le &#8220;Client&#8221; d\u00e9signe toute personne physique ou morale effectuant une r\u00e9servation \u00e0 titre priv\u00e9 ou professionnel. Le [&hellip;]<\/p>","protected":false},"author":6,"featured_media":0,"parent":0,"menu_order":0,"comment_status":"closed","ping_status":"closed","template":"","meta":{"footnotes":""},"class_list":["post-4248","page","type-page","status-publish","hentry"],"_links":{"self":[{"href":"https:\/\/thesourcemarrakech.com\/fr\/wp-json\/wp\/v2\/pages\/4248","targetHints":{"allow":["GET"]}}],"collection":[{"href":"https:\/\/thesourcemarrakech.com\/fr\/wp-json\/wp\/v2\/pages"}],"about":[{"href":"https:\/\/thesourcemarrakech.com\/fr\/wp-json\/wp\/v2\/types\/page"}],"author":[{"embeddable":true,"href":"https:\/\/thesourcemarrakech.com\/fr\/wp-json\/wp\/v2\/users\/6"}],"replies":[{"embeddable":true,"href":"https:\/\/thesourcemarrakech.com\/fr\/wp-json\/wp\/v2\/comments?post=4248"}],"version-history":[{"count":1,"href":"https:\/\/thesourcemarrakech.com\/fr\/wp-json\/wp\/v2\/pages\/4248\/revisions"}],"predecessor-version":[{"id":4249,"href":"https:\/\/thesourcemarrakech.com\/fr\/wp-json\/wp\/v2\/pages\/4248\/revisions\/4249"}],"wp:attachment":[{"href":"https:\/\/thesourcemarrakech.com\/fr\/wp-json\/wp\/v2\/media?parent=4248"}],"curies":[{"name":"wp","href":"https:\/\/api.w.org\/{rel}","templated":true}]}}