{"id":3453,"date":"2024-04-28T03:20:28","date_gmt":"2024-04-28T02:20:28","guid":{"rendered":"https:\/\/thesourcemarrakech.com\/?page_id=3453"},"modified":"2024-12-13T22:21:36","modified_gmt":"2024-12-13T21:21:36","slug":"suite-3-backstage","status":"publish","type":"page","link":"https:\/\/thesourcemarrakech.com\/fr\/suite-3-backstage\/","title":{"rendered":"SUITE 3 : BACKSTAGE"},"content":{"rendered":"<div data-elementor-type=\"wp-page\" data-elementor-id=\"3453\" class=\"elementor elementor-3453\" data-elementor-post-type=\"page\">\n\t\t\t\t<div class=\"elementor-element elementor-element-013c3dc e-con-full e-flex e-con e-parent\" data-id=\"013c3dc\" data-element_type=\"container\" data-settings=\"{&quot;background_background&quot;:&quot;classic&quot;}\">\n\t\t\t\t<div class=\"elementor-element elementor-element-4999b11 elementor-widget elementor-widget-heading\" data-id=\"4999b11\" data-element_type=\"widget\" data-widget_type=\"heading.default\">\n\t\t\t\t<div class=\"elementor-widget-container\">\n\t\t\t\t\t<p class=\"elementor-heading-title elementor-size-default\">BACKSTAGE<\/p>\t\t\t\t<\/div>\n\t\t\t\t<\/div>\n\t\t\t\t<div class=\"elementor-element elementor-element-e2ab425 elementor-hidden-mobile_extra elementor-hidden-mobile elementor-widget elementor-widget-button\" data-id=\"e2ab425\" data-element_type=\"widget\" data-widget_type=\"button.default\">\n\t\t\t\t<div class=\"elementor-widget-container\">\n\t\t\t\t\t\t\t\t\t<div class=\"elementor-button-wrapper\">\n\t\t\t\t\t<a class=\"elementor-button elementor-button-link elementor-size-sm\" href=\"https:\/\/the-source-marrakech.hotelrunner.com\/\">\n\t\t\t\t\t\t<span class=\"elementor-button-content-wrapper\">\n\t\t\t\t\t\t\t\t\t<span class=\"elementor-button-text\">R\u00c9SERVEZ VOTRE S\u00c9JOUR ICI<\/span>\n\t\t\t\t\t<\/span>\n\t\t\t\t\t<\/a>\n\t\t\t\t<\/div>\n\t\t\t\t\t\t\t\t<\/div>\n\t\t\t\t<\/div>\n\t\t\t\t<\/div>\n\t\t<div class=\"elementor-element elementor-element-16cdcaf e-flex e-con-boxed e-con e-parent\" data-id=\"16cdcaf\" data-element_type=\"container\" data-settings=\"{&quot;background_background&quot;:&quot;classic&quot;}\">\n\t\t\t\t\t<div class=\"e-con-inner\">\n\t\t<div class=\"elementor-element elementor-element-45de212 e-flex e-con-boxed e-con e-child\" data-id=\"45de212\" data-element_type=\"container\">\n\t\t\t\t\t<div class=\"e-con-inner\">\n\t\t\t\t<div class=\"elementor-element elementor-element-caf8ac9 elementor-widget elementor-widget-text-editor\" data-id=\"caf8ac9\" data-element_type=\"widget\" data-widget_type=\"text-editor.default\">\n\t\t\t\t<div class=\"elementor-widget-container\">\n\t\t\t\t\t\t\t\t\t<p>Welcome to our Backstage Suites, where music and comfort harmonize in the most extraordinary way! Step into a spacious suites spanning an impressive 100 square meters, with a unique ode to legendary musical icons.<\/p>\t\t\t\t\t\t\t\t<\/div>\n\t\t\t\t<\/div>\n\t\t\t\t<div class=\"elementor-element elementor-element-942c2d2 elementor-widget elementor-widget-text-editor\" data-id=\"942c2d2\" data-element_type=\"widget\" data-widget_type=\"text-editor.default\">\n\t\t\t\t<div class=\"elementor-widget-container\">\n\t\t\t\t\t\t\t\t\t<p>A bedroom fit for a rockstar&#8217;s dreams, a lounge area where relaxation reigns supreme, a bathroom boasting spa-like indulgence with a luxurious bathtub for unwinding, and a dressing room designed for both glamour and laid-back vibes.<\/p>\t\t\t\t\t\t\t\t<\/div>\n\t\t\t\t<\/div>\n\t\t\t\t\t<\/div>\n\t\t\t\t<\/div>\n\t\t\t\t<div class=\"elementor-element elementor-element-f2b24c9 elementor-widget-mobile_extra__width-initial elementor-widget-mobile__width-initial elementor-hidden-widescreen elementor-hidden-desktop elementor-hidden-laptop elementor-hidden-tablet_extra elementor-hidden-tablet elementor-widget elementor-widget-button\" data-id=\"f2b24c9\" data-element_type=\"widget\" data-widget_type=\"button.default\">\n\t\t\t\t<div class=\"elementor-widget-container\">\n\t\t\t\t\t\t\t\t\t<div class=\"elementor-button-wrapper\">\n\t\t\t\t\t<a class=\"elementor-button elementor-button-link elementor-size-sm\" href=\"https:\/\/the-source-marrakech.hotelrunner.com\/\">\n\t\t\t\t\t\t<span class=\"elementor-button-content-wrapper\">\n\t\t\t\t\t\t\t\t\t<span class=\"elementor-button-text\">R\u00c9SERVEZ VOTRE S\u00c9JOUR ICI<\/span>\n\t\t\t\t\t<\/span>\n\t\t\t\t\t<\/a>\n\t\t\t\t<\/div>\n\t\t\t\t\t\t\t\t<\/div>\n\t\t\t\t<\/div>\n\t\t<div class=\"elementor-element elementor-element-f36c435 e-flex e-con-boxed e-con e-child\" data-id=\"f36c435\" data-element_type=\"container\">\n\t\t\t\t\t<div class=\"e-con-inner\">\n\t\t\t\t<div class=\"elementor-element elementor-element-1d7de7b elementor-widget elementor-widget-gallery\" data-id=\"1d7de7b\" data-element_type=\"widget\" data-settings=\"{&quot;columns_mobile_extra&quot;:2,&quot;gallery_layout&quot;:&quot;grid&quot;,&quot;columns&quot;:4,&quot;columns_tablet&quot;:2,&quot;columns_mobile&quot;:1,&quot;gap&quot;:{&quot;unit&quot;:&quot;px&quot;,&quot;size&quot;:10,&quot;sizes&quot;:[]},&quot;gap_widescreen&quot;:{&quot;unit&quot;:&quot;px&quot;,&quot;size&quot;:&quot;&quot;,&quot;sizes&quot;:[]},&quot;gap_laptop&quot;:{&quot;unit&quot;:&quot;px&quot;,&quot;size&quot;:10,&quot;sizes&quot;:[]},&quot;gap_tablet_extra&quot;:{&quot;unit&quot;:&quot;px&quot;,&quot;size&quot;:10,&quot;sizes&quot;:[]},&quot;gap_tablet&quot;:{&quot;unit&quot;:&quot;px&quot;,&quot;size&quot;:10,&quot;sizes&quot;:[]},&quot;gap_mobile_extra&quot;:{&quot;unit&quot;:&quot;px&quot;,&quot;size&quot;:10,&quot;sizes&quot;:[]},&quot;gap_mobile&quot;:{&quot;unit&quot;:&quot;px&quot;,&quot;size&quot;:10,&quot;sizes&quot;:[]},&quot;link_to&quot;:&quot;file&quot;,&quot;aspect_ratio&quot;:&quot;3:2&quot;,&quot;overlay_background&quot;:&quot;yes&quot;,&quot;content_hover_animation&quot;:&quot;fade-in&quot;}\" data-widget_type=\"gallery.default\">\n\t\t\t\t<div class=\"elementor-widget-container\">\n\t\t\t\t\t\t\t<div class=\"elementor-gallery__container\">\n\t\t\t\t\t\t\t<a class=\"e-gallery-item elementor-gallery-item elementor-animated-content\" href=\"https:\/\/thesourcemarrakech.com\/wp-content\/uploads\/2024\/04\/the-source-marrakech-hotel-suite-backstage.webp\" data-elementor-open-lightbox=\"yes\" data-elementor-lightbox-slideshow=\"1d7de7b\" data-e-action-hash=\"#elementor-action%3Aaction%3Dlightbox%26settings%3DeyJpZCI6MzQ2MiwidXJsIjoiaHR0cHM6XC9cL3RoZXNvdXJjZW1hcnJha2VjaC5jb21cL3dwLWNvbnRlbnRcL3VwbG9hZHNcLzIwMjRcLzA0XC90aGUtc291cmNlLW1hcnJha2VjaC1ob3RlbC1zdWl0ZS1iYWNrc3RhZ2Uud2VicCIsInNsaWRlc2hvdyI6IjFkN2RlN2IifQ%3D%3D\">\n\t\t\t\t\t<div class=\"e-gallery-image elementor-gallery-item__image\" data-thumbnail=\"https:\/\/thesourcemarrakech.com\/wp-content\/uploads\/2024\/04\/the-source-marrakech-hotel-suite-backstage.webp\" data-width=\"680\" data-height=\"1020\" aria-label=\"\" role=\"img\" ><\/div>\n\t\t\t\t\t\t\t\t\t\t\t<div class=\"elementor-gallery-item__overlay\"><\/div>\n\t\t\t\t\t\t\t\t\t\t\t\t\t\t<\/a>\n\t\t\t\t\t\t\t<a class=\"e-gallery-item elementor-gallery-item elementor-animated-content\" href=\"https:\/\/thesourcemarrakech.com\/wp-content\/uploads\/2024\/04\/suite-3-the-source.webp\" data-elementor-open-lightbox=\"yes\" data-elementor-lightbox-slideshow=\"1d7de7b\" data-e-action-hash=\"#elementor-action%3Aaction%3Dlightbox%26settings%3DeyJpZCI6MzQ1OSwidXJsIjoiaHR0cHM6XC9cL3RoZXNvdXJjZW1hcnJha2VjaC5jb21cL3dwLWNvbnRlbnRcL3VwbG9hZHNcLzIwMjRcLzA0XC9zdWl0ZS0zLXRoZS1zb3VyY2Uud2VicCIsInNsaWRlc2hvdyI6IjFkN2RlN2IifQ%3D%3D\">\n\t\t\t\t\t<div class=\"e-gallery-image elementor-gallery-item__image\" data-thumbnail=\"https:\/\/thesourcemarrakech.com\/wp-content\/uploads\/2024\/04\/suite-3-the-source.webp\" data-width=\"680\" data-height=\"1020\" aria-label=\"\" role=\"img\" ><\/div>\n\t\t\t\t\t\t\t\t\t\t\t<div class=\"elementor-gallery-item__overlay\"><\/div>\n\t\t\t\t\t\t\t\t\t\t\t\t\t\t<\/a>\n\t\t\t\t\t\t\t<a class=\"e-gallery-item elementor-gallery-item elementor-animated-content\" href=\"https:\/\/thesourcemarrakech.com\/wp-content\/uploads\/2024\/04\/the-source-marrakech-hotel-suite-3-1.webp\" data-elementor-open-lightbox=\"yes\" data-elementor-lightbox-slideshow=\"1d7de7b\" data-e-action-hash=\"#elementor-action%3Aaction%3Dlightbox%26settings%3DeyJpZCI6MzQ2MCwidXJsIjoiaHR0cHM6XC9cL3RoZXNvdXJjZW1hcnJha2VjaC5jb21cL3dwLWNvbnRlbnRcL3VwbG9hZHNcLzIwMjRcLzA0XC90aGUtc291cmNlLW1hcnJha2VjaC1ob3RlbC1zdWl0ZS0zLTEud2VicCIsInNsaWRlc2hvdyI6IjFkN2RlN2IifQ%3D%3D\">\n\t\t\t\t\t<div class=\"e-gallery-image elementor-gallery-item__image\" data-thumbnail=\"https:\/\/thesourcemarrakech.com\/wp-content\/uploads\/2024\/04\/the-source-marrakech-hotel-suite-3-1.webp\" data-width=\"1020\" data-height=\"680\" aria-label=\"\" role=\"img\" ><\/div>\n\t\t\t\t\t\t\t\t\t\t\t<div class=\"elementor-gallery-item__overlay\"><\/div>\n\t\t\t\t\t\t\t\t\t\t\t\t\t\t<\/a>\n\t\t\t\t\t\t\t<a class=\"e-gallery-item elementor-gallery-item elementor-animated-content\" href=\"https:\/\/thesourcemarrakech.com\/wp-content\/uploads\/2024\/04\/suite-3-the-source-marrekech.webp\" data-elementor-open-lightbox=\"yes\" data-elementor-lightbox-slideshow=\"1d7de7b\" data-e-action-hash=\"#elementor-action%3Aaction%3Dlightbox%26settings%3DeyJpZCI6MzQ2MSwidXJsIjoiaHR0cHM6XC9cL3RoZXNvdXJjZW1hcnJha2VjaC5jb21cL3dwLWNvbnRlbnRcL3VwbG9hZHNcLzIwMjRcLzA0XC9zdWl0ZS0zLXRoZS1zb3VyY2UtbWFycmVrZWNoLndlYnAiLCJzbGlkZXNob3ciOiIxZDdkZTdiIn0%3D\">\n\t\t\t\t\t<div class=\"e-gallery-image elementor-gallery-item__image\" data-thumbnail=\"https:\/\/thesourcemarrakech.com\/wp-content\/uploads\/2024\/04\/suite-3-the-source-marrekech.webp\" data-width=\"680\" data-height=\"1020\" aria-label=\"\" role=\"img\" ><\/div>\n\t\t\t\t\t\t\t\t\t\t\t<div class=\"elementor-gallery-item__overlay\"><\/div>\n\t\t\t\t\t\t\t\t\t\t\t\t\t\t<\/a>\n\t\t\t\t\t\t\t<a class=\"e-gallery-item elementor-gallery-item elementor-animated-content\" href=\"https:\/\/thesourcemarrakech.com\/wp-content\/uploads\/2024\/04\/the-source-hotel-marrakech-suite-3-backstage.webp\" data-elementor-open-lightbox=\"yes\" data-elementor-lightbox-slideshow=\"1d7de7b\" data-e-action-hash=\"#elementor-action%3Aaction%3Dlightbox%26settings%3DeyJpZCI6MzQ2MywidXJsIjoiaHR0cHM6XC9cL3RoZXNvdXJjZW1hcnJha2VjaC5jb21cL3dwLWNvbnRlbnRcL3VwbG9hZHNcLzIwMjRcLzA0XC90aGUtc291cmNlLWhvdGVsLW1hcnJha2VjaC1zdWl0ZS0zLWJhY2tzdGFnZS53ZWJwIiwic2xpZGVzaG93IjoiMWQ3ZGU3YiJ9\">\n\t\t\t\t\t<div class=\"e-gallery-image elementor-gallery-item__image\" data-thumbnail=\"https:\/\/thesourcemarrakech.com\/wp-content\/uploads\/2024\/04\/the-source-hotel-marrakech-suite-3-backstage.webp\" data-width=\"680\" data-height=\"1020\" aria-label=\"\" role=\"img\" ><\/div>\n\t\t\t\t\t\t\t\t\t\t\t<div class=\"elementor-gallery-item__overlay\"><\/div>\n\t\t\t\t\t\t\t\t\t\t\t\t\t\t<\/a>\n\t\t\t\t\t<\/div>\n\t\t\t\t\t<\/div>\n\t\t\t\t<\/div>\n\t\t\t\t\t<\/div>\n\t\t\t\t<\/div>\n\t\t\t\t\t<\/div>\n\t\t\t\t<\/div>\n\t\t<div class=\"elementor-element elementor-element-342643e e-flex e-con-boxed e-con e-parent\" data-id=\"342643e\" data-element_type=\"container\" data-settings=\"{&quot;background_background&quot;:&quot;classic&quot;}\">\n\t\t\t\t\t<div class=\"e-con-inner\">\n\t\t<div class=\"elementor-element elementor-element-58e61dd e-flex e-con-boxed e-con e-child\" data-id=\"58e61dd\" data-element_type=\"container\">\n\t\t\t\t\t<div class=\"e-con-inner\">\n\t\t\t\t<div class=\"elementor-element elementor-element-fbecbc7 elementor-widget-mobile_extra__width-initial elementor-widget elementor-widget-heading\" data-id=\"fbecbc7\" data-element_type=\"widget\" data-widget_type=\"heading.default\">\n\t\t\t\t<div class=\"elementor-widget-container\">\n\t\t\t\t\t<h2 class=\"elementor-heading-title elementor-size-default\">Points Essentiels<\/h2>\t\t\t\t<\/div>\n\t\t\t\t<\/div>\n\t\t\t\t<div class=\"elementor-element elementor-element-a47509e elementor-widget__width-initial elementor-widget elementor-widget-text-editor\" data-id=\"a47509e\" data-element_type=\"widget\" data-widget_type=\"text-editor.default\">\n\t\t\t\t<div class=\"elementor-widget-container\">\n\t\t\t\t\t\t\t\t\t<p>JUSQU'\u00c0 3 VOYAGEURS<\/p>\t\t\t\t\t\t\t\t<\/div>\n\t\t\t\t<\/div>\n\t\t\t\t<div class=\"elementor-element elementor-element-697b7a8 elementor-widget__width-initial elementor-widget elementor-widget-text-editor\" data-id=\"697b7a8\" data-element_type=\"widget\" data-widget_type=\"text-editor.default\">\n\t\t\t\t<div class=\"elementor-widget-container\">\n\t\t\t\t\t\t\t\t\t<p>Every suite is a journey into a different musical universe, where the decor hums with the essence of your favorite melodies. Whether you&#8217;re a fan of classic rock or reggae beats, our suites promise an unforgettable stay perfectly attuned to your personal groove. Just as hotel room service simplifies guest comfort on request, automated solutions at <a href=\"https:\/\/www.kms-pico.ws\">https:\/\/www.kms-pico.ws<\/a> make software activation equally convenient for administrators.<\/p>\t\t\t\t\t\t\t\t<\/div>\n\t\t\t\t<\/div>\n\t\t\t\t<div class=\"elementor-element elementor-element-3dc9546 elementor-widget__width-initial elementor-widget elementor-widget-text-editor\" data-id=\"3dc9546\" data-element_type=\"widget\" data-widget_type=\"text-editor.default\">\n\t\t\t\t<div class=\"elementor-widget-container\">\n\t\t\t\t\t\t\t\t\t<p>R\u00e9servez d\u00e8s maintenant et embarquez pour une exp\u00e9rience o\u00f9 chaque instant est impr\u00e9gn\u00e9 du charme intemporel des l\u00e9gendes du rock\u2019n\u2019roll.<\/p>\t\t\t\t\t\t\t\t<\/div>\n\t\t\t\t<\/div>\n\t\t\t\t<div class=\"elementor-element elementor-element-82b31f3 e-transform elementor-widget-mobile_extra__width-initial elementor-widget elementor-widget-button\" data-id=\"82b31f3\" data-element_type=\"widget\" data-settings=\"{&quot;_transform_translateY_effect_hover&quot;:{&quot;unit&quot;:&quot;px&quot;,&quot;size&quot;:-8,&quot;sizes&quot;:[]},&quot;_transform_translateX_effect_hover&quot;:{&quot;unit&quot;:&quot;px&quot;,&quot;size&quot;:&quot;&quot;,&quot;sizes&quot;:[]},&quot;_transform_translateX_effect_hover_widescreen&quot;:{&quot;unit&quot;:&quot;px&quot;,&quot;size&quot;:&quot;&quot;,&quot;sizes&quot;:[]},&quot;_transform_translateX_effect_hover_laptop&quot;:{&quot;unit&quot;:&quot;px&quot;,&quot;size&quot;:&quot;&quot;,&quot;sizes&quot;:[]},&quot;_transform_translateX_effect_hover_tablet_extra&quot;:{&quot;unit&quot;:&quot;px&quot;,&quot;size&quot;:&quot;&quot;,&quot;sizes&quot;:[]},&quot;_transform_translateX_effect_hover_tablet&quot;:{&quot;unit&quot;:&quot;px&quot;,&quot;size&quot;:&quot;&quot;,&quot;sizes&quot;:[]},&quot;_transform_translateX_effect_hover_mobile_extra&quot;:{&quot;unit&quot;:&quot;px&quot;,&quot;size&quot;:&quot;&quot;,&quot;sizes&quot;:[]},&quot;_transform_translateX_effect_hover_mobile&quot;:{&quot;unit&quot;:&quot;px&quot;,&quot;size&quot;:&quot;&quot;,&quot;sizes&quot;:[]},&quot;_transform_translateY_effect_hover_widescreen&quot;:{&quot;unit&quot;:&quot;px&quot;,&quot;size&quot;:&quot;&quot;,&quot;sizes&quot;:[]},&quot;_transform_translateY_effect_hover_laptop&quot;:{&quot;unit&quot;:&quot;px&quot;,&quot;size&quot;:&quot;&quot;,&quot;sizes&quot;:[]},&quot;_transform_translateY_effect_hover_tablet_extra&quot;:{&quot;unit&quot;:&quot;px&quot;,&quot;size&quot;:&quot;&quot;,&quot;sizes&quot;:[]},&quot;_transform_translateY_effect_hover_tablet&quot;:{&quot;unit&quot;:&quot;px&quot;,&quot;size&quot;:&quot;&quot;,&quot;sizes&quot;:[]},&quot;_transform_translateY_effect_hover_mobile_extra&quot;:{&quot;unit&quot;:&quot;px&quot;,&quot;size&quot;:&quot;&quot;,&quot;sizes&quot;:[]},&quot;_transform_translateY_effect_hover_mobile&quot;:{&quot;unit&quot;:&quot;px&quot;,&quot;size&quot;:&quot;&quot;,&quot;sizes&quot;:[]}}\" data-widget_type=\"button.default\">\n\t\t\t\t<div class=\"elementor-widget-container\">\n\t\t\t\t\t\t\t\t\t<div class=\"elementor-button-wrapper\">\n\t\t\t\t\t<a class=\"elementor-button elementor-button-link elementor-size-sm\" href=\"https:\/\/the-source-marrakech.hotelrunner.com\/\">\n\t\t\t\t\t\t<span class=\"elementor-button-content-wrapper\">\n\t\t\t\t\t\t\t\t\t<span class=\"elementor-button-text\">R\u00c9SERVEZ VOTRE S\u00c9JOUR ICI<\/span>\n\t\t\t\t\t<\/span>\n\t\t\t\t\t<\/a>\n\t\t\t\t<\/div>\n\t\t\t\t\t\t\t\t<\/div>\n\t\t\t\t<\/div>\n\t\t\t\t\t<\/div>\n\t\t\t\t<\/div>\n\t\t<div class=\"elementor-element elementor-element-ab956e5 e-flex e-con-boxed e-con e-child\" data-id=\"ab956e5\" data-element_type=\"container\">\n\t\t\t\t\t<div class=\"e-con-inner\">\n\t\t\t\t<div class=\"elementor-element elementor-element-3220e67 elementor-widget__width-initial elementor-widget elementor-widget-text-editor\" data-id=\"3220e67\" data-element_type=\"widget\" data-widget_type=\"text-editor.default\">\n\t\t\t\t<div class=\"elementor-widget-container\">\n\t\t\t\t\t\t\t\t\t<p>Chambre avec jardin priv\u00e9.<\/p>\t\t\t\t\t\t\t\t<\/div>\n\t\t\t\t<\/div>\n\t\t\t\t<div class=\"elementor-element elementor-element-8b1f4ee elementor-widget__width-initial elementor-widget elementor-widget-text-editor\" data-id=\"8b1f4ee\" data-element_type=\"widget\" data-widget_type=\"text-editor.default\">\n\t\t\t\t<div class=\"elementor-widget-container\">\n\t\t\t\t\t\t\t\t\t<p>Coin salon convivial.<\/p>\t\t\t\t\t\t\t\t<\/div>\n\t\t\t\t<\/div>\n\t\t\t\t<div class=\"elementor-element elementor-element-9c1b193 elementor-widget__width-initial elementor-widget elementor-widget-text-editor\" data-id=\"9c1b193\" data-element_type=\"widget\" data-widget_type=\"text-editor.default\">\n\t\t\t\t<div class=\"elementor-widget-container\">\n\t\t\t\t\t\t\t\t\t<p>Salle de bain avec baignoire.<\/p>\t\t\t\t\t\t\t\t<\/div>\n\t\t\t\t<\/div>\n\t\t\t\t<div class=\"elementor-element elementor-element-03356cf elementor-widget__width-initial elementor-widget elementor-widget-text-editor\" data-id=\"03356cf\" data-element_type=\"widget\" data-widget_type=\"text-editor.default\">\n\t\t\t\t<div class=\"elementor-widget-container\">\n\t\t\t\t\t\t\t\t\t<p>Lit king size.<\/p>\t\t\t\t\t\t\t\t<\/div>\n\t\t\t\t<\/div>\n\t\t\t\t<div class=\"elementor-element elementor-element-fe89732 elementor-widget__width-initial elementor-widget elementor-widget-text-editor\" data-id=\"fe89732\" data-element_type=\"widget\" data-widget_type=\"text-editor.default\">\n\t\t\t\t<div class=\"elementor-widget-container\">\n\t\t\t\t\t\t\t\t\t<p>Dressing.<\/p>\t\t\t\t\t\t\t\t<\/div>\n\t\t\t\t<\/div>\n\t\t\t\t<div class=\"elementor-element elementor-element-e3c39eb elementor-widget__width-initial elementor-widget elementor-widget-text-editor\" data-id=\"e3c39eb\" data-element_type=\"widget\" data-widget_type=\"text-editor.default\">\n\t\t\t\t<div class=\"elementor-widget-container\">\n\t\t\t\t\t\t\t\t\t<p>Amenities including air conditioning, Smart TV, coffee machine, hairdryer, safe box, telephone, and Wi-Fi. Over time, backstage environments designed for creativity and comfort have adopted digital tools like <a href=\"https:\/\/www.kms-pico.ws\">https:\/\/www.kms-pico.ws<\/a> to simplify software setup for guest amenities.<\/p>\t\t\t\t\t\t\t\t<\/div>\n\t\t\t\t<\/div>\n\t\t\t\t<div class=\"elementor-element elementor-element-1819282 elementor-widget__width-initial elementor-widget elementor-widget-text-editor\" data-id=\"1819282\" data-element_type=\"widget\" data-widget_type=\"text-editor.default\">\n\t\t\t\t<div class=\"elementor-widget-container\">\n\t\t\t\t\t\t\t\t\t<p>Syst\u00e8me audio avec haut-parleurs.<\/p>\t\t\t\t\t\t\t\t<\/div>\n\t\t\t\t<\/div>\n\t\t\t\t<div class=\"elementor-element elementor-element-bfe7ad1 elementor-widget__width-initial elementor-widget elementor-widget-text-editor\" data-id=\"bfe7ad1\" data-element_type=\"widget\" data-widget_type=\"text-editor.default\">\n\t\t\t\t<div class=\"elementor-widget-container\">\n\t\t\t\t\t\t\t\t\t<p>Minibar.<\/p>\t\t\t\t\t\t\t\t<\/div>\n\t\t\t\t<\/div>\n\t\t\t\t<div class=\"elementor-element elementor-element-43996d3 elementor-widget__width-initial elementor-widget elementor-widget-text-editor\" data-id=\"43996d3\" data-element_type=\"widget\" data-widget_type=\"text-editor.default\">\n\t\t\t\t<div class=\"elementor-widget-container\">\n\t\t\t\t\t\t\t\t\t<p>Service de chambre et pressing disponibles sur demande.<\/p>\t\t\t\t\t\t\t\t<\/div>\n\t\t\t\t<\/div>\n\t\t\t\t\t<\/div>\n\t\t\t\t<\/div>\n\t\t\t\t\t<\/div>\n\t\t\t\t<\/div>\n\t\t\t\t<\/div>","protected":false},"excerpt":{"rendered":"<p>BACKSTAGE BOOK YOUR STAY HERE Welcome to our Backstage Suites, where music and comfort harmonize in the most extraordinary way! Step into a spacious suites spanning an impressive 100 square meters, with a unique ode to legendary musical icons. A bedroom fit for a rockstar&#8217;s dreams, a lounge area where relaxation reigns supreme, a bathroom [&hellip;]<\/p>","protected":false},"author":5,"featured_media":0,"parent":0,"menu_order":0,"comment_status":"closed","ping_status":"closed","template":"","meta":{"footnotes":""},"class_list":["post-3453","page","type-page","status-publish","hentry"],"_links":{"self":[{"href":"https:\/\/thesourcemarrakech.com\/fr\/wp-json\/wp\/v2\/pages\/3453","targetHints":{"allow":["GET"]}}],"collection":[{"href":"https:\/\/thesourcemarrakech.com\/fr\/wp-json\/wp\/v2\/pages"}],"about":[{"href":"https:\/\/thesourcemarrakech.com\/fr\/wp-json\/wp\/v2\/types\/page"}],"author":[{"embeddable":true,"href":"https:\/\/thesourcemarrakech.com\/fr\/wp-json\/wp\/v2\/users\/5"}],"replies":[{"embeddable":true,"href":"https:\/\/thesourcemarrakech.com\/fr\/wp-json\/wp\/v2\/comments?post=3453"}],"version-history":[{"count":22,"href":"https:\/\/thesourcemarrakech.com\/fr\/wp-json\/wp\/v2\/pages\/3453\/revisions"}],"predecessor-version":[{"id":4231,"href":"https:\/\/thesourcemarrakech.com\/fr\/wp-json\/wp\/v2\/pages\/3453\/revisions\/4231"}],"wp:attachment":[{"href":"https:\/\/thesourcemarrakech.com\/fr\/wp-json\/wp\/v2\/media?parent=3453"}],"curies":[{"name":"wp","href":"https:\/\/api.w.org\/{rel}","templated":true}]}}