{"id":2645,"date":"2024-04-22T21:26:35","date_gmt":"2024-04-22T20:26:35","guid":{"rendered":"https:\/\/thesourcemarrakech.com\/?page_id=2645"},"modified":"2024-06-10T15:39:08","modified_gmt":"2024-06-10T14:39:08","slug":"about-us","status":"publish","type":"page","link":"https:\/\/thesourcemarrakech.com\/fr\/about-us\/","title":{"rendered":"\u00c0 PROPOS DE NOUS"},"content":{"rendered":"<div data-elementor-type=\"wp-page\" data-elementor-id=\"2645\" class=\"elementor elementor-2645\" data-elementor-post-type=\"page\">\n\t\t\t\t<div class=\"elementor-element elementor-element-013c3dc e-con-full e-flex e-con e-parent\" data-id=\"013c3dc\" data-element_type=\"container\" data-settings=\"{&quot;background_background&quot;:&quot;classic&quot;}\">\n\t\t\t\t<div class=\"elementor-element elementor-element-4999b11 elementor-widget elementor-widget-heading\" data-id=\"4999b11\" data-element_type=\"widget\" data-widget_type=\"heading.default\">\n\t\t\t\t<div class=\"elementor-widget-container\">\n\t\t\t\t\t<p class=\"elementor-heading-title elementor-size-default\">\u00c0 PROPOS DE NOUS<\/p>\t\t\t\t<\/div>\n\t\t\t\t<\/div>\n\t\t\t\t<div class=\"elementor-element elementor-element-cadf3ca elementor-widget elementor-widget-heading\" data-id=\"cadf3ca\" data-element_type=\"widget\" data-widget_type=\"heading.default\">\n\t\t\t\t<div class=\"elementor-widget-container\">\n\t\t\t\t\t<p class=\"elementor-heading-title elementor-size-default\">CONFORT . SAVEURS . PLAISIR . EXP\u00c9RIENCES<\/p>\t\t\t\t<\/div>\n\t\t\t\t<\/div>\n\t\t\t\t<div class=\"elementor-element elementor-element-e2ab425 elementor-hidden-widescreen elementor-hidden-desktop elementor-hidden-laptop elementor-hidden-tablet_extra elementor-hidden-tablet elementor-hidden-mobile_extra elementor-hidden-mobile elementor-widget elementor-widget-button\" data-id=\"e2ab425\" data-element_type=\"widget\" data-widget_type=\"button.default\">\n\t\t\t\t<div class=\"elementor-widget-container\">\n\t\t\t\t\t\t\t\t\t<div class=\"elementor-button-wrapper\">\n\t\t\t\t\t<a class=\"elementor-button elementor-button-link elementor-size-sm\" href=\"#\">\n\t\t\t\t\t\t<span class=\"elementor-button-content-wrapper\">\n\t\t\t\t\t\t\t\t\t<span class=\"elementor-button-text\">WATCH VIDEO PRESENTATION<\/span>\n\t\t\t\t\t<\/span>\n\t\t\t\t\t<\/a>\n\t\t\t\t<\/div>\n\t\t\t\t\t\t\t\t<\/div>\n\t\t\t\t<\/div>\n\t\t\t\t<\/div>\n\t\t<div class=\"elementor-element elementor-element-16cdcaf e-flex e-con-boxed e-con e-parent\" data-id=\"16cdcaf\" data-element_type=\"container\" data-settings=\"{&quot;background_background&quot;:&quot;classic&quot;}\">\n\t\t\t\t\t<div class=\"e-con-inner\">\n\t\t\t\t<div class=\"elementor-element elementor-element-8dc66f9 elementor-widget elementor-widget-heading\" data-id=\"8dc66f9\" data-element_type=\"widget\" data-widget_type=\"heading.default\">\n\t\t\t\t<div class=\"elementor-widget-container\">\n\t\t\t\t\t<p class=\"elementor-heading-title elementor-size-default\">Creating Moments, Writing\u00a0History<\/p>\t\t\t\t<\/div>\n\t\t\t\t<\/div>\n\t\t<div class=\"elementor-element elementor-element-45de212 elementor-hidden-widescreen elementor-hidden-desktop elementor-hidden-laptop elementor-hidden-tablet_extra elementor-hidden-tablet elementor-hidden-mobile_extra elementor-hidden-mobile e-flex e-con-boxed e-con e-child\" data-id=\"45de212\" data-element_type=\"container\">\n\t\t\t\t\t<div class=\"e-con-inner\">\n\t\t<div class=\"elementor-element elementor-element-91a89f1 e-flex e-con-boxed e-con e-child\" data-id=\"91a89f1\" data-element_type=\"container\">\n\t\t\t\t\t<div class=\"e-con-inner\">\n\t\t<div class=\"elementor-element elementor-element-52f1e8b e-con-full e-flex e-con e-child\" data-id=\"52f1e8b\" data-element_type=\"container\" data-settings=\"{&quot;background_background&quot;:&quot;classic&quot;}\">\n\t\t\t\t<\/div>\n\t\t\t\t\t<\/div>\n\t\t\t\t<\/div>\n\t\t<div class=\"elementor-element elementor-element-ea1b6b3 e-flex e-con-boxed e-con e-child\" data-id=\"ea1b6b3\" data-element_type=\"container\">\n\t\t\t\t\t<div class=\"e-con-inner\">\n\t\t<div class=\"elementor-element elementor-element-918b6f6 e-flex e-con-boxed e-con e-child\" data-id=\"918b6f6\" data-element_type=\"container\">\n\t\t\t\t\t<div class=\"e-con-inner\">\n\t\t\t\t<div class=\"elementor-element elementor-element-24d90ea elementor-widget elementor-widget-heading\" data-id=\"24d90ea\" data-element_type=\"widget\" data-widget_type=\"heading.default\">\n\t\t\t\t<div class=\"elementor-widget-container\">\n\t\t\t\t\t<h3 class=\"elementor-heading-title elementor-size-default\">How it started.<\/h3>\t\t\t\t<\/div>\n\t\t\t\t<\/div>\n\t\t\t\t<div class=\"elementor-element elementor-element-3b2d8b9 elementor-widget elementor-widget-heading\" data-id=\"3b2d8b9\" data-element_type=\"widget\" data-widget_type=\"heading.default\">\n\t\t\t\t<div class=\"elementor-widget-container\">\n\t\t\t\t\t<h3 class=\"elementor-heading-title elementor-size-default\">Founder | LAURENT COHEN<\/h3>\t\t\t\t<\/div>\n\t\t\t\t<\/div>\n\t\t\t\t\t<\/div>\n\t\t\t\t<\/div>\n\t\t\t\t<div class=\"elementor-element elementor-element-ec59c5f elementor-widget elementor-widget-text-editor\" data-id=\"ec59c5f\" data-element_type=\"widget\" data-widget_type=\"text-editor.default\">\n\t\t\t\t<div class=\"elementor-widget-container\">\n\t\t\t\t\t\t\t\t\t<p>Lorem ipsum dolor sit amet, ELIT A VELIT consectetur adipiscing elit. Maecenas scelerisque, velit vitae pellentesque pharetra, nisl magna ornare tortor, a egestas urna elit a ligula. Vivamus adipiscing elit. Maecenas.<\/p>\t\t\t\t\t\t\t\t<\/div>\n\t\t\t\t<\/div>\n\t\t\t\t<div class=\"elementor-element elementor-element-c8a4963 elementor-widget elementor-widget-text-editor\" data-id=\"c8a4963\" data-element_type=\"widget\" data-widget_type=\"text-editor.default\">\n\t\t\t\t<div class=\"elementor-widget-container\">\n\t\t\t\t\t\t\t\t\t<p>Lorem ipsum dolor sit amet, ELIT A VELIT consectetur adipiscing elit. Maecenas scelerisque, velit vitae pellentesque pharetra, nisl magna ornare tortor, a egestas urna elit a ligula. Vivamus adipiscing elit. Maecenas.<\/p>\t\t\t\t\t\t\t\t<\/div>\n\t\t\t\t<\/div>\n\t\t\t\t\t<\/div>\n\t\t\t\t<\/div>\n\t\t\t\t\t<\/div>\n\t\t\t\t<\/div>\n\t\t<div class=\"elementor-element elementor-element-f36c435 elementor-hidden-widescreen elementor-hidden-desktop elementor-hidden-laptop elementor-hidden-tablet_extra elementor-hidden-tablet elementor-hidden-mobile_extra elementor-hidden-mobile e-flex e-con-boxed e-con e-child\" data-id=\"f36c435\" data-element_type=\"container\">\n\t\t\t\t\t<div class=\"e-con-inner\">\n\t\t<div class=\"elementor-element elementor-element-fbbd4c1 e-flex e-con-boxed e-con e-child\" data-id=\"fbbd4c1\" data-element_type=\"container\">\n\t\t\t\t\t<div class=\"e-con-inner\">\n\t\t<div class=\"elementor-element elementor-element-0fdf1d3 e-flex e-con-boxed e-con e-child\" data-id=\"0fdf1d3\" data-element_type=\"container\">\n\t\t\t\t\t<div class=\"e-con-inner\">\n\t\t\t\t<div class=\"elementor-element elementor-element-aa31957 elementor-widget elementor-widget-heading\" data-id=\"aa31957\" data-element_type=\"widget\" data-widget_type=\"heading.default\">\n\t\t\t\t<div class=\"elementor-widget-container\">\n\t\t\t\t\t<h3 class=\"elementor-heading-title elementor-size-default\">Where it's at.<\/h3>\t\t\t\t<\/div>\n\t\t\t\t<\/div>\n\t\t\t\t<div class=\"elementor-element elementor-element-47d8ddc elementor-widget elementor-widget-heading\" data-id=\"47d8ddc\" data-element_type=\"widget\" data-widget_type=\"heading.default\">\n\t\t\t\t<div class=\"elementor-widget-container\">\n\t\t\t\t\t<h3 class=\"elementor-heading-title elementor-size-default\">THE SOURCE MARRAKECH | 2024<\/h3>\t\t\t\t<\/div>\n\t\t\t\t<\/div>\n\t\t\t\t\t<\/div>\n\t\t\t\t<\/div>\n\t\t\t\t<div class=\"elementor-element elementor-element-c9f443a elementor-widget elementor-widget-text-editor\" data-id=\"c9f443a\" data-element_type=\"widget\" data-widget_type=\"text-editor.default\">\n\t\t\t\t<div class=\"elementor-widget-container\">\n\t\t\t\t\t\t\t\t\t<p>Lorem ipsum dolor sit amet, ELIT A VELIT consectetur adipiscing elit. Maecenas scelerisque, velit vitae pellentesque pharetra, nisl magna ornare tortor, a egestas urna elit a ligula. Vivamus adipiscing elit. Maecenas.<\/p>\t\t\t\t\t\t\t\t<\/div>\n\t\t\t\t<\/div>\n\t\t\t\t<div class=\"elementor-element elementor-element-411c09b elementor-widget elementor-widget-text-editor\" data-id=\"411c09b\" data-element_type=\"widget\" data-widget_type=\"text-editor.default\">\n\t\t\t\t<div class=\"elementor-widget-container\">\n\t\t\t\t\t\t\t\t\t<p>Lorem ipsum dolor sit amet, ELIT A VELIT consectetur adipiscing elit. Maecenas scelerisque, velit vitae pellentesque pharetra, nisl magna ornare tortor, a egestas urna elit a ligula. Vivamus adipiscing elit. Maecenas.<\/p>\t\t\t\t\t\t\t\t<\/div>\n\t\t\t\t<\/div>\n\t\t\t\t\t<\/div>\n\t\t\t\t<\/div>\n\t\t<div class=\"elementor-element elementor-element-190960d e-flex e-con-boxed e-con e-child\" data-id=\"190960d\" data-element_type=\"container\">\n\t\t\t\t\t<div class=\"e-con-inner\">\n\t\t<div class=\"elementor-element elementor-element-12af9af e-con-full e-flex e-con e-child\" data-id=\"12af9af\" data-element_type=\"container\" data-settings=\"{&quot;background_background&quot;:&quot;classic&quot;}\">\n\t\t\t\t<\/div>\n\t\t\t\t\t<\/div>\n\t\t\t\t<\/div>\n\t\t\t\t\t<\/div>\n\t\t\t\t<\/div>\n\t\t\t\t\t<\/div>\n\t\t\t\t<\/div>\n\t\t<div class=\"elementor-element elementor-element-e7ec1db elementor-hidden-widescreen elementor-hidden-desktop elementor-hidden-laptop elementor-hidden-tablet_extra elementor-hidden-tablet elementor-hidden-mobile_extra elementor-hidden-mobile e-flex e-con-boxed e-con e-parent\" data-id=\"e7ec1db\" data-element_type=\"container\" data-settings=\"{&quot;background_background&quot;:&quot;classic&quot;}\">\n\t\t\t\t\t<div class=\"e-con-inner\">\n\t\t\t\t<div class=\"elementor-element elementor-element-a9c603b elementor-widget elementor-widget-image\" data-id=\"a9c603b\" data-element_type=\"widget\" data-widget_type=\"image.default\">\n\t\t\t\t<div class=\"elementor-widget-container\">\n\t\t\t\t\t\t\t\t\t\t\t\t\t\t\t<img fetchpriority=\"high\" decoding=\"async\" width=\"800\" height=\"800\" src=\"https:\/\/thesourcemarrakech.com\/wp-content\/uploads\/2024\/04\/TS-logo-full-soft-sand-1024x1024.png\" class=\"attachment-large size-large wp-image-2321\" alt=\"\" srcset=\"https:\/\/thesourcemarrakech.com\/wp-content\/uploads\/2024\/04\/TS-logo-full-soft-sand-1024x1024.png 1024w, https:\/\/thesourcemarrakech.com\/wp-content\/uploads\/2024\/04\/TS-logo-full-soft-sand-300x300.png 300w, https:\/\/thesourcemarrakech.com\/wp-content\/uploads\/2024\/04\/TS-logo-full-soft-sand-150x150.png 150w, https:\/\/thesourcemarrakech.com\/wp-content\/uploads\/2024\/04\/TS-logo-full-soft-sand-768x768.png 768w, https:\/\/thesourcemarrakech.com\/wp-content\/uploads\/2024\/04\/TS-logo-full-soft-sand-1536x1536.png 1536w, https:\/\/thesourcemarrakech.com\/wp-content\/uploads\/2024\/04\/TS-logo-full-soft-sand.png 2000w\" sizes=\"(max-width: 800px) 100vw, 800px\" \/>\t\t\t\t\t\t\t\t\t\t\t\t\t\t\t<\/div>\n\t\t\t\t<\/div>\n\t\t\t\t\t<\/div>\n\t\t\t\t<\/div>\n\t\t<div class=\"elementor-element elementor-element-8863cc5 e-flex e-con-boxed e-con e-parent\" data-id=\"8863cc5\" data-element_type=\"container\" data-settings=\"{&quot;background_background&quot;:&quot;classic&quot;}\">\n\t\t\t\t\t<div class=\"e-con-inner\">\n\t\t<div class=\"elementor-element elementor-element-bdb424b e-flex e-con-boxed e-con e-child\" data-id=\"bdb424b\" data-element_type=\"container\">\n\t\t\t\t\t<div class=\"e-con-inner\">\n\t\t<div class=\"elementor-element elementor-element-5cff91c e-flex e-con-boxed e-con e-child\" data-id=\"5cff91c\" data-element_type=\"container\">\n\t\t\t\t\t<div class=\"e-con-inner\">\n\t\t<div class=\"elementor-element elementor-element-3230130 e-flex e-con-boxed e-con e-child\" data-id=\"3230130\" data-element_type=\"container\">\n\t\t\t\t\t<div class=\"e-con-inner\">\n\t\t\t\t<div class=\"elementor-element elementor-element-e83d2f6 elementor-widget elementor-widget-heading\" data-id=\"e83d2f6\" data-element_type=\"widget\" data-widget_type=\"heading.default\">\n\t\t\t\t<div class=\"elementor-widget-container\">\n\t\t\t\t\t<h3 class=\"elementor-heading-title elementor-size-default\">QUI SOMMES-NOUS ?<\/h3>\t\t\t\t<\/div>\n\t\t\t\t<\/div>\n\t\t\t\t\t<\/div>\n\t\t\t\t<\/div>\n\t\t\t\t<div class=\"elementor-element elementor-element-7637bde elementor-widget elementor-widget-text-editor\" data-id=\"7637bde\" data-element_type=\"widget\" data-widget_type=\"text-editor.default\">\n\t\t\t\t<div class=\"elementor-widget-container\">\n\t\t\t\t\t\t\t\t\t<p>Bienvenue \u00e0 The Source Marrakech, o\u00f9 nous sommes plus qu'un simple lieu d'h\u00e9bergement - nous sommes un hub vibrant de cr\u00e9ativit\u00e9 et d'\u00e9change culturel. \u00c0 The Source Marrakech, nous sommes fiers d'avoir jou\u00e9 un r\u00f4le central dans le fa\u00e7onnement de l'industrie et de la sc\u00e8ne musicales au Maroc. En tant que participant actif et coproducteur de grands festivals de musique de tous genres, nous nous engageons \u00e0 favoriser une communaut\u00e9 florissante d'artistes, de musiciens et de passionn\u00e9s de musique.<\/p>\t\t\t\t\t\t\t\t<\/div>\n\t\t\t\t<\/div>\n\t\t\t\t\t<\/div>\n\t\t\t\t<\/div>\n\t\t\t\t\t<\/div>\n\t\t\t\t<\/div>\n\t\t<div class=\"elementor-element elementor-element-b2d4dfe e-flex e-con-boxed e-con e-child\" data-id=\"b2d4dfe\" data-element_type=\"container\">\n\t\t\t\t\t<div class=\"e-con-inner\">\n\t\t<div class=\"elementor-element elementor-element-adaf713 e-flex e-con-boxed e-con e-child\" data-id=\"adaf713\" data-element_type=\"container\">\n\t\t\t\t\t<div class=\"e-con-inner\">\n\t\t<div class=\"elementor-element elementor-element-d159f99 e-flex e-con-boxed e-con e-child\" data-id=\"d159f99\" data-element_type=\"container\">\n\t\t\t\t\t<div class=\"e-con-inner\">\n\t\t\t\t<div class=\"elementor-element elementor-element-ed9f9b2 elementor-widget elementor-widget-heading\" data-id=\"ed9f9b2\" data-element_type=\"widget\" data-widget_type=\"heading.default\">\n\t\t\t\t<div class=\"elementor-widget-container\">\n\t\t\t\t\t<h3 class=\"elementor-heading-title elementor-size-default\">CE QUE NOUS VOULONS R\u00c9ALISER<\/h3>\t\t\t\t<\/div>\n\t\t\t\t<\/div>\n\t\t\t\t\t<\/div>\n\t\t\t\t<\/div>\n\t\t\t\t<div class=\"elementor-element elementor-element-a906432 elementor-widget elementor-widget-text-editor\" data-id=\"a906432\" data-element_type=\"widget\" data-widget_type=\"text-editor.default\">\n\t\t\t\t<div class=\"elementor-widget-container\">\n\t\t\t\t\t\t\t\t\t<p>Festivals de musique \u00e9lectronique, concerts et sessions acoustiques intimes, notre lieu a \u00e9t\u00e9 l'\u00e9picentre d'exp\u00e9riences musicales inoubliables. Mais nous ne nous arr\u00eatons pas l\u00e0 - notre vision s'\u00e9tend \u00e0 la r\u00e9alisation de nombreux festivals et d'exp\u00e9riences uniques \u00e0 Marrakech, ajoutant ainsi une autre dimension culturelle \u00e0 cette ville exceptionnelle.<\/p>\t\t\t\t\t\t\t\t<\/div>\n\t\t\t\t<\/div>\n\t\t\t\t\t<\/div>\n\t\t\t\t<\/div>\n\t\t\t\t\t<\/div>\n\t\t\t\t<\/div>\n\t\t<div class=\"elementor-element elementor-element-f5fa15c e-flex e-con-boxed e-con e-child\" data-id=\"f5fa15c\" data-element_type=\"container\">\n\t\t\t\t\t<div class=\"e-con-inner\">\n\t\t<div class=\"elementor-element elementor-element-c34a491 e-flex e-con-boxed e-con e-child\" data-id=\"c34a491\" data-element_type=\"container\">\n\t\t\t\t\t<div class=\"e-con-inner\">\n\t\t<div class=\"elementor-element elementor-element-db7985d e-flex e-con-boxed e-con e-child\" data-id=\"db7985d\" data-element_type=\"container\">\n\t\t\t\t\t<div class=\"e-con-inner\">\n\t\t\t\t<div class=\"elementor-element elementor-element-cddb89a elementor-widget elementor-widget-heading\" data-id=\"cddb89a\" data-element_type=\"widget\" data-widget_type=\"heading.default\">\n\t\t\t\t<div class=\"elementor-widget-container\">\n\t\t\t\t\t<h3 class=\"elementor-heading-title elementor-size-default\">THE SOURCE MARRAKECH, MOROCCO, AFRICA<\/h3>\t\t\t\t<\/div>\n\t\t\t\t<\/div>\n\t\t\t\t\t<\/div>\n\t\t\t\t<\/div>\n\t\t\t\t<div class=\"elementor-element elementor-element-d3e2f98 elementor-widget elementor-widget-text-editor\" data-id=\"d3e2f98\" data-element_type=\"widget\" data-widget_type=\"text-editor.default\">\n\t\t\t\t<div class=\"elementor-widget-container\">\n\t\t\t\t\t\t\t\t\t<p>\u00c0 The Source Marrakech, la musique n'est pas qu'un simple divertissement - c'est un vecteur de connexion, d'expression et d'exploration culturelle. Que vous soyez ici pour danser toute la nuit, d\u00e9couvrir de nouveaux artistes ou simplement vous immerger dans le rythme de Marrakech, vous \u00eates toujours les bienvenus \u00e0 The Source Marrakech.<\/p>\t\t\t\t\t\t\t\t<\/div>\n\t\t\t\t<\/div>\n\t\t\t\t\t<\/div>\n\t\t\t\t<\/div>\n\t\t\t\t\t<\/div>\n\t\t\t\t<\/div>\n\t\t<div class=\"elementor-element elementor-element-95c0b3a e-flex e-con-boxed e-con e-child\" data-id=\"95c0b3a\" data-element_type=\"container\">\n\t\t\t\t\t<div class=\"e-con-inner\">\n\t\t\t\t<div class=\"elementor-element elementor-element-fdba4cd elementor-widget elementor-widget-heading\" data-id=\"fdba4cd\" data-element_type=\"widget\" data-widget_type=\"heading.default\">\n\t\t\t\t<div class=\"elementor-widget-container\">\n\t\t\t\t\t<h2 class=\"elementor-heading-title elementor-size-default\">THE SOURCE<\/h2>\t\t\t\t<\/div>\n\t\t\t\t<\/div>\n\t\t\t\t<div class=\"elementor-element elementor-element-372d79b elementor-widget elementor-widget-heading\" data-id=\"372d79b\" data-element_type=\"widget\" data-widget_type=\"heading.default\">\n\t\t\t\t<div class=\"elementor-widget-container\">\n\t\t\t\t\t<p class=\"elementor-heading-title elementor-size-default\">Suivez toutes nos actualit\u00e9s<\/p>\t\t\t\t<\/div>\n\t\t\t\t<\/div>\n\t\t\t\t<div class=\"elementor-element elementor-element-c0d513e elementor-button-align-center elementor-widget__width-initial elementor-widget elementor-widget-form\" data-id=\"c0d513e\" data-element_type=\"widget\" data-settings=\"{&quot;step_next_label&quot;:&quot;Next&quot;,&quot;step_previous_label&quot;:&quot;Previous&quot;,&quot;button_width&quot;:&quot;100&quot;,&quot;step_type&quot;:&quot;number_text&quot;,&quot;step_icon_shape&quot;:&quot;circle&quot;}\" data-widget_type=\"form.default\">\n\t\t\t\t<div class=\"elementor-widget-container\">\n\t\t\t\t\t\t\t<form class=\"elementor-form\" method=\"post\" name=\"New Form\" aria-label=\"New Form\" action=\"\">\n\t\t\t<input type=\"hidden\" name=\"post_id\" value=\"2645\"\/>\n\t\t\t<input type=\"hidden\" name=\"form_id\" value=\"c0d513e\"\/>\n\t\t\t<input type=\"hidden\" name=\"referer_title\" value=\"ABOUT US\" \/>\n\n\t\t\t\t\t\t\t<input type=\"hidden\" name=\"queried_id\" value=\"2645\"\/>\n\t\t\t\n\t\t\t<div class=\"elementor-form-fields-wrapper elementor-labels-\">\n\t\t\t\t\t\t\t\t<div class=\"elementor-field-type-email elementor-field-group elementor-column elementor-field-group-email elementor-col-100 elementor-field-required\">\n\t\t\t\t\t\t\t\t\t\t\t\t<label for=\"form-field-email\" class=\"elementor-field-label elementor-screen-only\">\n\t\t\t\t\t\t\t\tEmail\t\t\t\t\t\t\t<\/label>\n\t\t\t\t\t\t\t\t\t\t\t\t\t\t<input size=\"1\" type=\"email\" name=\"form_fields[email]\" id=\"form-field-email\" class=\"elementor-field elementor-size-md  elementor-field-textual\" placeholder=\"Email\" required=\"required\">\n\t\t\t\t\t\t\t\t\t\t\t<\/div>\n\t\t\t\t\t\t\t\t<div class=\"elementor-field-group elementor-column elementor-field-type-submit elementor-col-100 e-form__buttons\">\n\t\t\t\t\t<button class=\"elementor-button elementor-size-sm\" type=\"submit\">\n\t\t\t\t\t\t<span class=\"elementor-button-content-wrapper\">\n\t\t\t\t\t\t\t\t\t\t\t\t\t\t\t\t\t\t\t\t\t\t<span class=\"elementor-button-text\">Envoyer<\/span>\n\t\t\t\t\t\t\t\t\t\t\t\t\t<\/span>\n\t\t\t\t\t<\/button>\n\t\t\t\t<\/div>\n\t\t\t<\/div>\n\t\t<input type=\"hidden\" name=\"trp-form-language\" value=\"fr\"\/><\/form>\n\t\t\t\t\t\t<\/div>\n\t\t\t\t<\/div>\n\t\t\t\t\t<\/div>\n\t\t\t\t<\/div>\n\t\t\t\t\t<\/div>\n\t\t\t\t<\/div>\n\t\t\t\t<\/div>","protected":false},"excerpt":{"rendered":"<p>ABOUT US COMFORT . TASTES . INDULGENCE . EXPERIENCES WATCH VIDEO PRESENTATION Creating Moments, Writing\u00a0History How it started. Founder | LAURENT COHEN Lorem ipsum dolor sit amet, ELIT A VELIT consectetur adipiscing elit. Maecenas scelerisque, velit vitae pellentesque pharetra, nisl magna ornare tortor, a egestas urna elit a ligula. Vivamus adipiscing elit. Maecenas. Lorem ipsum [&hellip;]<\/p>","protected":false},"author":5,"featured_media":0,"parent":0,"menu_order":0,"comment_status":"closed","ping_status":"closed","template":"","meta":{"footnotes":""},"class_list":["post-2645","page","type-page","status-publish","hentry"],"_links":{"self":[{"href":"https:\/\/thesourcemarrakech.com\/fr\/wp-json\/wp\/v2\/pages\/2645","targetHints":{"allow":["GET"]}}],"collection":[{"href":"https:\/\/thesourcemarrakech.com\/fr\/wp-json\/wp\/v2\/pages"}],"about":[{"href":"https:\/\/thesourcemarrakech.com\/fr\/wp-json\/wp\/v2\/types\/page"}],"author":[{"embeddable":true,"href":"https:\/\/thesourcemarrakech.com\/fr\/wp-json\/wp\/v2\/users\/5"}],"replies":[{"embeddable":true,"href":"https:\/\/thesourcemarrakech.com\/fr\/wp-json\/wp\/v2\/comments?post=2645"}],"version-history":[{"count":136,"href":"https:\/\/thesourcemarrakech.com\/fr\/wp-json\/wp\/v2\/pages\/2645\/revisions"}],"predecessor-version":[{"id":4078,"href":"https:\/\/thesourcemarrakech.com\/fr\/wp-json\/wp\/v2\/pages\/2645\/revisions\/4078"}],"wp:attachment":[{"href":"https:\/\/thesourcemarrakech.com\/fr\/wp-json\/wp\/v2\/media?parent=2645"}],"curies":[{"name":"wp","href":"https:\/\/api.w.org\/{rel}","templated":true}]}}